{"id":1940,"date":"2025-02-02T16:30:24","date_gmt":"2025-02-02T15:30:24","guid":{"rendered":"https:\/\/belvedere-dz.com\/all-posts\/"},"modified":"2025-04-17T09:38:40","modified_gmt":"2025-04-17T08:38:40","slug":"in-the-heart-of-ghardaia","status":"publish","type":"page","link":"https:\/\/belvedere-dz.com\/en\/in-the-heart-of-ghardaia\/","title":{"rendered":"In the heart of Gharda\u00efa"},"content":{"rendered":"\n<p>Thanks to its privileged location, Le Belv\u00e9d\u00e8re allows you to explore the wonders of Gharda\u00efa in complete serenity. Stroll through the narrow streets of Ksar Tafilelt, soak up the beauty of the palm grove, and delve into the history of the region&#8217;s iconic sites. <a href=\"https:\/\/belvedere-dz.com\/en\/ksar-tafilelt-the-first-eco-citizen-city-at-the-gates-of-the-algerian-sahara\/\"><\/a><\/p>\n","protected":false},"excerpt":{"rendered":"<p>Thanks to its privileged location, Le Belv\u00e9d\u00e8re allows you to explore the wonders of Gharda\u00efa in complete serenity. Stroll through the narrow streets of Ksar Tafilelt, soak up the beauty of the palm grove, and delve into the history of the region&#8217;s iconic sites.<\/p>\n","protected":false},"author":1,"featured_media":0,"parent":0,"menu_order":0,"comment_status":"closed","ping_status":"closed","template":"page-all-posts.php","meta":{"_acf_changed":false,"_seopress_robots_primary_cat":"","_seopress_titles_title":"","_seopress_titles_desc":"","_seopress_robots_index":"","_kad_post_transparent":"","_kad_post_title":"","_kad_post_layout":"","_kad_post_sidebar_id":"","_kad_post_content_style":"","_kad_post_vertical_padding":"","_kad_post_feature":"","_kad_post_feature_position":"","_kad_post_header":false,"_kad_post_footer":false,"footnotes":""},"class_list":["post-1940","page","type-page","status-publish","hentry"],"acf":[],"_links":{"self":[{"href":"https:\/\/belvedere-dz.com\/en\/wp-json\/wp\/v2\/pages\/1940","targetHints":{"allow":["GET"]}}],"collection":[{"href":"https:\/\/belvedere-dz.com\/en\/wp-json\/wp\/v2\/pages"}],"about":[{"href":"https:\/\/belvedere-dz.com\/en\/wp-json\/wp\/v2\/types\/page"}],"author":[{"embeddable":true,"href":"https:\/\/belvedere-dz.com\/en\/wp-json\/wp\/v2\/users\/1"}],"replies":[{"embeddable":true,"href":"https:\/\/belvedere-dz.com\/en\/wp-json\/wp\/v2\/comments?post=1940"}],"version-history":[{"count":3,"href":"https:\/\/belvedere-dz.com\/en\/wp-json\/wp\/v2\/pages\/1940\/revisions"}],"predecessor-version":[{"id":2230,"href":"https:\/\/belvedere-dz.com\/en\/wp-json\/wp\/v2\/pages\/1940\/revisions\/2230"}],"wp:attachment":[{"href":"https:\/\/belvedere-dz.com\/en\/wp-json\/wp\/v2\/media?parent=1940"}],"curies":[{"name":"wp","href":"https:\/\/api.w.org\/{rel}","templated":true}]}}